{"id":149,"date":"2017-04-08T17:53:29","date_gmt":"2017-04-08T17:53:29","guid":{"rendered":"http:\/\/it-service.ralf-weisse.de\/edv\/?page_id=149"},"modified":"2019-01-27T11:34:35","modified_gmt":"2019-01-27T11:34:35","slug":"fernwartung","status":"publish","type":"page","link":"https:\/\/it-service.ralf-weisse.de\/edv\/fernwartung\/","title":{"rendered":"Fernwartung"},"content":{"rendered":"<p style=\"text-align: center;\">Hier kann der Installer f\u00fcr eine Fernwartung heruntergeladen werden.<\/p>\n<p style=\"text-align: center;\">Mit dieser Software\u00a0arbeiten\u00a0wir nach h\u00f6chsten Datenschutz-Standards.<\/p>\n<p style=\"text-align: center;\">Alle Daten werden durch eine 256-Bit AES-Verschl\u00fcsselung gesch\u00fctzt und laufen ausschlie\u00dflich \u00fcber deutsche Server.<\/p>\n<h1 style=\"text-align: center;\"><\/h1>\n<h1 style=\"text-align: center;\"><strong>&gt;&gt;<a href=\"https:\/\/bpl.pcvisit.com\/stable_update\/v1\/hosted\/jumplink?productid=18&amp;func=download&amp;productrole=guestSetup&amp;host=nacl.pcvisit.com%2Fstable_update&amp;companyid=8601471104&amp;gateway=lb3.pcvisit.de\">Fernwartung mit PCVISIT\u00a0<\/a>&lt;&lt;<\/strong><\/h1>\n","protected":false},"excerpt":{"rendered":"<p>Hier kann der Installer f\u00fcr eine Fernwartung heruntergeladen werden. Mit dieser Software\u00a0arbeiten\u00a0wir nach h\u00f6chsten Datenschutz-Standards. Alle Daten werden durch eine 256-Bit AES-Verschl\u00fcsselung gesch\u00fctzt und laufen ausschlie\u00dflich \u00fcber deutsche Server. &gt;&gt;Fernwartung mit PCVISIT\u00a0&lt;&lt;<\/p>\n","protected":false},"author":1,"featured_media":0,"parent":0,"menu_order":0,"comment_status":"closed","ping_status":"closed","template":"","meta":{"jetpack_post_was_ever_published":false,"footnotes":""},"class_list":["post-149","page","type-page","status-publish","hentry"],"aioseo_notices":[],"jetpack_sharing_enabled":true,"jetpack_shortlink":"https:\/\/wp.me\/P6SIqB-2p","jetpack-related-posts":[{"id":159,"url":"https:\/\/it-service.ralf-weisse.de\/edv\/datenschutzerklaerung\/","url_meta":{"origin":149,"position":0},"title":"Datenschutzerkl\u00e4rung","author":"ralf","date":"April 18, 2018","format":false,"excerpt":"","rel":"","context":"\u00c4hnlicher Beitrag","block_context":{"text":"\u00c4hnlicher Beitrag","link":""},"img":{"alt_text":"","src":"","width":0,"height":0},"classes":[]},{"id":23,"url":"https:\/\/it-service.ralf-weisse.de\/edv\/leistungen\/","url_meta":{"origin":149,"position":1},"title":"Leistungen","author":"ralf","date":"Oktober 25, 2015","format":false,"excerpt":"Individuelle Beratung bei allen Fragen rund um: . . - Hardware und Peripherieger\u00e4te - Software und Installation - Service f\u00fcr Ihre Hardware (PC, Notebook, Drucker) - Planung von Heim- und Firmennetzwerken (Lan und Wlan) - Einrichtung Internetzugang - Erstellen von Websites -Datensicherung -Virenschutz . Alle Angebote werden individuell auf unsere\u2026","rel":"","context":"\u00c4hnlicher Beitrag","block_context":{"text":"\u00c4hnlicher Beitrag","link":""},"img":{"alt_text":"","src":"","width":0,"height":0},"classes":[]},{"id":29,"url":"https:\/\/it-service.ralf-weisse.de\/edv\/preise\/","url_meta":{"origin":149,"position":2},"title":"Preise","author":"ralf","date":"Oktober 25, 2015","format":false,"excerpt":"Preisliste (Auszug) Reinigung Reinigung PC inkl. aufbringen neuer W\u00e4rmeleitpaste :\u00a0\u00a0\u00a0\u00a0\u00a0\u00a0\u00a0\u00a0\u00a0\u00a0\u00a0\u00a0\u00a0\u00a0\u00a0\u00a0\u00a0\u00a0\u00a0\u00a0\u00a0\u00a0\u00a0\u00a0\u00a0\u00a0\u00a0\u00a0\u00a0\u00a0\u00a0\u00a0\u00a0\u00a0\u00a0\u00a0\u00a0\u00a0\u00a0\u00a0\u00a0\u00a0\u00a0\u00a0\u00a0\u00a0\u00a0\u00a0\u00a0\u00a0\u00a0 \u00a040,00 Euro Reinigung Notebook ( Prozessor, L\u00fcfter) inkl. aufbringen neuer W\u00e4rmeleitpaste:\u00a0\u00a0\u00a0\u00a0\u00a0\u00a0\u00a0\u00a0\u00a0\u00a0\u00a0\u00a0\u00a0\u00a0\u00a0\u00a0\u00a0\u00a0\u00a0\u00a0\u00a0\u00a0\u00a0\u00a0\u00a0\u00a0 51,00 Euro Installation Betriebssystem - mit Recovery CD\/DVD :\u00a0\u00a0\u00a0\u00a0\u00a0\u00a0\u00a0\u00a0\u00a0\u00a0\u00a0\u00a0\u00a0\u00a0\u00a0\u00a0\u00a0\u00a0\u00a0\u00a0\u00a0\u00a0\u00a0\u00a0\u00a0\u00a0\u00a0\u00a0\u00a0\u00a0\u00a0\u00a0\u00a0\u00a0\u00a0\u00a0\u00a0\u00a0\u00a0\u00a0\u00a0\u00a0\u00a0\u00a0\u00a0\u00a0\u00a0\u00a0\u00a0\u00a0\u00a0\u00a0\u00a0\u00a0\u00a0\u00a0\u00a0\u00a0\u00a0\u00a0\u00a0\u00a0\u00a0\u00a0\u00a0\u00a0\u00a0\u00a0\u00a0\u00a0\u00a0\u00a0\u00a0\u00a0\u00a0\u00a0\u00a0\u00a0\u00a0\u00a0\u00a0 40,00 Euro - ohne Recovery CD\/DVD inkl. Updates, Treiber und Tools:\u00a0\u00a0\u00a0\u00a0\u00a0\u00a0\u00a0\u00a0\u00a0\u00a0\u00a0\u00a0\u00a0\u00a0\u00a0\u00a0\u00a0\u00a0\u00a0\u00a0\u00a0\u00a0\u00a0\u00a0\u00a0\u00a0\u00a0\u00a0\u00a0\u00a0\u00a0\u00a0\u00a0\u00a0\u00a0\u00a0\u00a0\u00a0\u00a0\u00a0\u00a0\u00a0\u00a0\u00a0\u00a0\u00a0\u00a0\u00a0 70,00 Euro Fehlerdiagnose Diagnosepauschale f\u00fcr PC:\u00a0\u00a0\u00a0\u00a0\u00a0\u00a0\u00a0\u00a0\u00a0\u00a0\u00a0\u00a0\u00a0\u00a0\u00a0\u00a0\u00a0\u00a0\u00a0\u00a0\u00a0\u00a0\u00a0\u00a0\u00a0\u00a0\u00a0\u00a0\u00a0\u00a0\u00a0\u00a0\u00a0\u00a0\u00a0\u00a0\u00a0\u00a0\u00a0\u00a0\u00a0\u00a0\u00a0\u00a0\u00a0\u00a0\u00a0\u00a0\u00a0\u00a0\u00a0\u00a0\u00a0\u00a0\u00a0\u00a0\u00a0\u00a0\u00a0\u00a0\u00a0\u00a0\u00a0\u00a0\u00a0\u00a0\u00a0\u00a0\u00a0\u00a0\u00a0\u00a0\u00a0\u00a0\u00a0\u00a0\u00a0\u00a0\u00a0\u00a025,00 Euro Diagnosepauschale f\u00fcr\u2026","rel":"","context":"\u00c4hnlicher Beitrag","block_context":{"text":"\u00c4hnlicher Beitrag","link":""},"img":{"alt_text":"","src":"","width":0,"height":0},"classes":[]}],"_links":{"self":[{"href":"https:\/\/it-service.ralf-weisse.de\/edv\/wp-json\/wp\/v2\/pages\/149","targetHints":{"allow":["GET"]}}],"collection":[{"href":"https:\/\/it-service.ralf-weisse.de\/edv\/wp-json\/wp\/v2\/pages"}],"about":[{"href":"https:\/\/it-service.ralf-weisse.de\/edv\/wp-json\/wp\/v2\/types\/page"}],"author":[{"embeddable":true,"href":"https:\/\/it-service.ralf-weisse.de\/edv\/wp-json\/wp\/v2\/users\/1"}],"replies":[{"embeddable":true,"href":"https:\/\/it-service.ralf-weisse.de\/edv\/wp-json\/wp\/v2\/comments?post=149"}],"version-history":[{"count":0,"href":"https:\/\/it-service.ralf-weisse.de\/edv\/wp-json\/wp\/v2\/pages\/149\/revisions"}],"wp:attachment":[{"href":"https:\/\/it-service.ralf-weisse.de\/edv\/wp-json\/wp\/v2\/media?parent=149"}],"curies":[{"name":"wp","href":"https:\/\/api.w.org\/{rel}","templated":true}]}}